{"id":87,"date":"2022-01-18T21:45:42","date_gmt":"2022-01-18T20:45:42","guid":{"rendered":"http:\/\/www.astrologue-humaniste.com\/FR\/?page_id=87"},"modified":"2023-04-25T15:09:48","modified_gmt":"2023-04-25T13:09:48","slug":"du-soleil-a-saturne","status":"publish","type":"page","link":"https:\/\/www.astrologue-humaniste.com\/FR\/index.php\/du-soleil-a-saturne\/","title":{"rendered":"Du SOLEIL \u00e0 SATURNE"},"content":{"rendered":"\n<p class=\"has-text-align-left has-text-color\" style=\"color:#b8226b\"><strong>APPRENDRE A SE CONSID\u00c9RER<\/strong><\/p>\n\n\n\n<p class=\"has-text-align-left has-text-color\" style=\"color:#b8226b\"><strong>Initiation \u00e0 l&rsquo;Astrologie Humaniste &#8211; premi\u00e8re partie<\/strong><br><\/p>\n\n\n\n<p><\/p>\n\n\n\n<p class=\"has-text-align-right has-text-color\" style=\"color:#b8226b\">Nous sommes tous dans le Cercle, tous diff\u00e9rents dans l&rsquo;Unique, <br>neufs \u00e0 travers les cycles, pr\u00eats \u00e0 \u00e9clore.<br><br>Aimer, c&rsquo;est int\u00e9grer l&rsquo;autre dans sa forme.<br>Le symbolisme astrologique peut nous aider \u00e0 accepter l&rsquo;autre<br>car nous le comprenons mieux, dans le moment de l&rsquo;Univers qu&rsquo;il porte, l\u00e0 o\u00f9 il en est dans ses cycles.<\/p>\n\n\n\n<p class=\"has-text-align-right has-text-color\" style=\"color:#b8226b\">Le premier pas est de commencer ce travail de reconnaissance pour soi.<\/p>\n\n\n\n<p class=\"has-text-align-left has-text-color\" style=\"color:#b8226b\"><br><br><strong>Sur 4 jours,<\/strong><\/p>\n\n\n\n<p class=\"has-text-align-left has-text-color\" style=\"color:#b8226b\"><strong>FRANCE <\/strong>: du <strong>24 au 27 ao\u00fbt 2023<\/strong> en Ard\u00e8che<br><strong>BELGIQUE<\/strong> : premier WE le <strong>24-25 juin 2023<\/strong> (le 2\u00e8 WE sera fix\u00e9 d&rsquo;entente avec les inscrits) en r\u00e9gion namuroise<br><br>Ce stage permettra, gr\u00e2ce \u00e0 des techniques vari\u00e9es, de contacter concr\u00e8tement le symbolisme astrologique, <br>de lire son th\u00e8me natal, d&rsquo;en commencer l&rsquo;interpr\u00e9tation \u00e0 travers la vision de l&rsquo;Astrologie Humaniste<br>et les nouveaux symboles, et d&rsquo;en poursuivre l&rsquo;\u00e9tude de mani\u00e8re plus consciente et autonome.<br><br>Les sujets abord\u00e9s comprendront les notions de :<br><strong>&#8211; astronomie<br>&#8211; Astrologie Humaniste<br>&#8211; cycles<br>&#8211; plan\u00e8tes : luminaires, plan\u00e8tes personnelles et sociales<br>&#8211; signes du zodiaque<br>&#8211; maisons<br>&#8211; analyse du th\u00e8me natal<\/strong><\/p>\n\n\n\n<p class=\"has-text-align-right has-text-color\" style=\"color:#b8226b\">Pour recevoir d&rsquo;autres renseignements et demander le <br><strong>bulletin d&rsquo;inscription<\/strong> : <a href=\"mailto:eric@astrologue-humaniste.com\"><strong><span style=\"color:#a3005d\" class=\"has-inline-color\">eric@astrologue-humaniste.com<\/span><\/strong><\/a><\/p>\n","protected":false},"excerpt":{"rendered":"<p>APPRENDRE A SE CONSID\u00c9RER Initiation \u00e0 l&rsquo;Astrologie Humaniste &#8211; premi\u00e8re partie Nous sommes tous dans le Cercle, tous diff\u00e9rents dans l&rsquo;Unique, neufs \u00e0 travers les cycles, pr\u00eats \u00e0 \u00e9clore. Aimer, c&rsquo;est int\u00e9grer l&rsquo;autre dans sa forme.Le symbolisme astrologique peut nous aider \u00e0 accepter l&rsquo;autrecar nous le comprenons mieux, dans le moment de l&rsquo;Univers qu&rsquo;il porte,&hellip; <a class=\"more-link\" href=\"https:\/\/www.astrologue-humaniste.com\/FR\/index.php\/du-soleil-a-saturne\/\">Poursuivre la lecture <span class=\"screen-reader-text\">Du SOLEIL \u00e0 SATURNE<\/span><\/a><\/p>\n","protected":false},"author":1,"featured_media":0,"parent":0,"menu_order":0,"comment_status":"closed","ping_status":"closed","template":"","meta":{"footnotes":""},"class_list":["post-87","page","type-page","status-publish","hentry","entry"],"_links":{"self":[{"href":"https:\/\/www.astrologue-humaniste.com\/FR\/index.php\/wp-json\/wp\/v2\/pages\/87","targetHints":{"allow":["GET"]}}],"collection":[{"href":"https:\/\/www.astrologue-humaniste.com\/FR\/index.php\/wp-json\/wp\/v2\/pages"}],"about":[{"href":"https:\/\/www.astrologue-humaniste.com\/FR\/index.php\/wp-json\/wp\/v2\/types\/page"}],"author":[{"embeddable":true,"href":"https:\/\/www.astrologue-humaniste.com\/FR\/index.php\/wp-json\/wp\/v2\/users\/1"}],"replies":[{"embeddable":true,"href":"https:\/\/www.astrologue-humaniste.com\/FR\/index.php\/wp-json\/wp\/v2\/comments?post=87"}],"version-history":[{"count":10,"href":"https:\/\/www.astrologue-humaniste.com\/FR\/index.php\/wp-json\/wp\/v2\/pages\/87\/revisions"}],"predecessor-version":[{"id":405,"href":"https:\/\/www.astrologue-humaniste.com\/FR\/index.php\/wp-json\/wp\/v2\/pages\/87\/revisions\/405"}],"wp:attachment":[{"href":"https:\/\/www.astrologue-humaniste.com\/FR\/index.php\/wp-json\/wp\/v2\/media?parent=87"}],"curies":[{"name":"wp","href":"https:\/\/api.w.org\/{rel}","templated":true}]}}