{"id":2,"date":"2022-01-18T19:48:32","date_gmt":"2022-01-18T18:48:32","guid":{"rendered":"http:\/\/www.astrologue-humaniste.com\/FR\/?page_id=2"},"modified":"2024-12-04T09:31:31","modified_gmt":"2024-12-04T08:31:31","slug":"formations-astrologue-humaniste","status":"publish","type":"page","link":"https:\/\/www.astrologue-humaniste.com\/FR\/index.php\/formations-astrologue-humaniste\/","title":{"rendered":"Formations en astrologie"},"content":{"rendered":"\n<p><\/p>\n\n\n\n<p><mark style=\"background-color:rgba(0, 0, 0, 0);color:#b8226b\" class=\"has-inline-color\">Voici les <strong>formations en Astrologie Humaniste<\/strong> que nous proposons :<\/mark><\/p>\n\n\n\n<p><\/p>\n\n\n\n<p><mark style=\"background-color:rgba(0, 0, 0, 0);color:#b8226b\" class=\"has-inline-color\">Voici les <strong>formations en Astrologie Humaniste<\/strong> que nous proposons :<\/mark><\/p>\n\n\n\n<div class=\"wp-block-buttons is-horizontal is-content-justification-left is-layout-flex wp-container-core-buttons-is-layout-1 wp-block-buttons-is-layout-flex\">\n<div class=\"wp-block-button is-style-outline is-style-outline--1\"><a class=\"wp-block-button__link has-white-background-color has-text-color has-background no-border-radius wp-element-button\" href=\"https:\/\/www.astrologue-humaniste.com\/FR\/index.php\/AstroExpression\" style=\"color:#a30059\"> <strong>AstroExpression<\/strong><br><strong>     D\u00e9couvrir l&rsquo;astrologie par le Jeu et dans la joie    <\/strong><br>Module 2 en Ard\u00e8che 15-16 f\u00e9vrier 2025<br>Module 1 au Pays-Basque 1-2 mars 2025<br>(cliquer pour + infos) <\/a><\/div>\n<\/div>\n\n\n\n<p><\/p>\n\n\n\n<div class=\"wp-block-buttons is-horizontal is-content-justification-left is-layout-flex wp-container-core-buttons-is-layout-2 wp-block-buttons-is-layout-flex\">\n<div class=\"wp-block-button is-style-outline is-style-outline--2\"><a class=\"wp-block-button__link has-white-background-color has-text-color has-background no-border-radius wp-element-button\" href=\"https:\/\/www.astrologue-humaniste.com\/FR\/index.php\/du-soleil-a-saturne\/\" style=\"color:#a30059\"> <strong>Du SOLEIL \u00e0 SATURNE  <br>Initiation \u00e0 l&rsquo;Astrologie Humaniste &#8211; premi\u00e8re partie<\/strong><br>Approche classique pour ceux qui veulent structurer<br>cette connaissance<br>Dates \u00e0 venir  <br>(cliquer pour + infos) <\/a><\/div>\n<\/div>\n\n\n\n<p class=\"has-text-color\" style=\"color:#b8226b\"><br><strong>Conf\u00e9rences <\/strong>d&rsquo;environ 2 heures + questions\/r\u00e9ponses qui peuvent \u00eatre <strong>organis\u00e9es <\/strong>pour un public de minimum 10 personnes :<br><br>&#8211; <strong>La plan\u00e8te Naine Eris<\/strong>, <br>  pour nous accompagner dans le changement<br>       <em>des \u00e9l\u00e9ments astronomiques et astrologiques pour mieux <br>       conna\u00eetre cette plan\u00e8te d\u00e9couverte en 2005.<\/em><br><br>&#8211; <strong>Humain mode l&rsquo;Emploi<\/strong>, pour une vision Humaniste de l\u2019Astrologie<br>       <em>Pr\u00e9sentation des \u00e9l\u00e9ments astronomiques, astrologiques et  <br>       historiques qui basent ma pratique du symbolisme astrologique<\/em><\/p>\n","protected":false},"excerpt":{"rendered":"<p>Voici les formations en Astrologie Humaniste que nous proposons : Voici les formations en Astrologie Humaniste que nous proposons : Conf\u00e9rences d&rsquo;environ 2 heures + questions\/r\u00e9ponses qui peuvent \u00eatre organis\u00e9es pour un public de minimum 10 personnes : &#8211; La plan\u00e8te Naine Eris, pour nous accompagner dans le changement des \u00e9l\u00e9ments astronomiques et astrologiques pour&hellip; <a class=\"more-link\" href=\"https:\/\/www.astrologue-humaniste.com\/FR\/index.php\/formations-astrologue-humaniste\/\">Poursuivre la lecture <span class=\"screen-reader-text\">Formations en astrologie<\/span><\/a><\/p>\n","protected":false},"author":1,"featured_media":0,"parent":0,"menu_order":0,"comment_status":"closed","ping_status":"open","template":"","meta":{"footnotes":""},"class_list":["post-2","page","type-page","status-publish","hentry","entry"],"_links":{"self":[{"href":"https:\/\/www.astrologue-humaniste.com\/FR\/index.php\/wp-json\/wp\/v2\/pages\/2","targetHints":{"allow":["GET"]}}],"collection":[{"href":"https:\/\/www.astrologue-humaniste.com\/FR\/index.php\/wp-json\/wp\/v2\/pages"}],"about":[{"href":"https:\/\/www.astrologue-humaniste.com\/FR\/index.php\/wp-json\/wp\/v2\/types\/page"}],"author":[{"embeddable":true,"href":"https:\/\/www.astrologue-humaniste.com\/FR\/index.php\/wp-json\/wp\/v2\/users\/1"}],"replies":[{"embeddable":true,"href":"https:\/\/www.astrologue-humaniste.com\/FR\/index.php\/wp-json\/wp\/v2\/comments?post=2"}],"version-history":[{"count":16,"href":"https:\/\/www.astrologue-humaniste.com\/FR\/index.php\/wp-json\/wp\/v2\/pages\/2\/revisions"}],"predecessor-version":[{"id":421,"href":"https:\/\/www.astrologue-humaniste.com\/FR\/index.php\/wp-json\/wp\/v2\/pages\/2\/revisions\/421"}],"wp:attachment":[{"href":"https:\/\/www.astrologue-humaniste.com\/FR\/index.php\/wp-json\/wp\/v2\/media?parent=2"}],"curies":[{"name":"wp","href":"https:\/\/api.w.org\/{rel}","templated":true}]}}