{"id":14,"date":"2022-01-18T20:18:12","date_gmt":"2022-01-18T19:18:12","guid":{"rendered":"http:\/\/www.astrologue-humaniste.com\/FR\/?page_id=14"},"modified":"2022-04-06T04:42:34","modified_gmt":"2022-04-06T02:42:34","slug":"a-propos-de","status":"publish","type":"page","link":"https:\/\/www.astrologue-humaniste.com\/FR\/index.php\/a-propos-de\/","title":{"rendered":"\u00c0 propos de"},"content":{"rendered":"\n<p><mark style=\"background-color:rgba(0, 0, 0, 0);color:#b8226b\" class=\"has-inline-color\">Astrologue Humaniste, <\/mark><br><mark style=\"background-color:rgba(0, 0, 0, 0);color:#b8226b\" class=\"has-inline-color\">Formation en 4 ans certifi\u00e9e au sein du R\u00e9seau Astrolgie Humaniste achev\u00e9e en 2017.<\/mark><br><mark style=\"background-color:rgba(0, 0, 0, 0);color:#b8226b\" class=\"has-inline-color\">Depuis, je continue mes recherches personnelles, je d\u00e9veloppe mes connaissances et continue d&rsquo;\u00e9changer avec Claire-Andr\u00e9e Gagn\u00e9 &#8230;<\/mark><br><\/p>\n\n\n\n<p><mark style=\"background-color:rgba(0, 0, 0, 0);color:#b3047c\" class=\"has-inline-color\">Depuis 2019 je con\u00e7ois et j&rsquo;\u00e9dite avec ma maison d&rsquo;Edition \u00ab\u00a0Les chemins des trois mondes\u00a0\u00bb des \u00e9ph\u00e9m\u00e9rides astrologiques compl\u00e8tes g\u00e9ocentriques et h\u00e9liocentriques dans un m\u00eame volume : <\/mark><\/p>\n\n\n\n<figure class=\"wp-block-image size-large\"><a href=\"https:\/\/www.thebookedition.com\/fr\/recherche?controller=search&amp;orderby=position&amp;orderway=desc&amp;search_query=eph%C3%A9m%C3%A9rides+astro\" target=\"_blank\" rel=\"noopener\"><img loading=\"lazy\" decoding=\"async\" width=\"1024\" height=\"772\" src=\"https:\/\/www.astrologue-humaniste.com\/FR\/wp-content\/uploads\/2022\/01\/CaptureBookEd-1024x772.jpg\" alt=\"Lien vers le site The book Edition\" class=\"wp-image-228\" srcset=\"https:\/\/www.astrologue-humaniste.com\/FR\/wp-content\/uploads\/2022\/01\/CaptureBookEd-1024x772.jpg 1024w, https:\/\/www.astrologue-humaniste.com\/FR\/wp-content\/uploads\/2022\/01\/CaptureBookEd-300x226.jpg 300w, https:\/\/www.astrologue-humaniste.com\/FR\/wp-content\/uploads\/2022\/01\/CaptureBookEd-768x579.jpg 768w, https:\/\/www.astrologue-humaniste.com\/FR\/wp-content\/uploads\/2022\/01\/CaptureBookEd.jpg 1490w\" sizes=\"auto, (max-width: 1024px) 100vw, 1024px\" \/><\/a><\/figure>\n\n\n\n<p><mark style=\"background-color:rgba(0, 0, 0, 0);color:#b3047c\" class=\"has-inline-color\">Je suis en cours de d\u00e9veloppement d&rsquo;un logiciel sp\u00e9cifique aux th\u00e8mes h\u00e9liocentriques.<br>Des projets aussi en cours de cr\u00e9ation de mat\u00e9riel astrologique, cadrans, jeux,&#8230;<\/mark><br><mark style=\"background-color:rgba(0, 0, 0, 0);color:#b8226b\" class=\"has-inline-color\">&#8230; et il reste tant \u00e0 d\u00e9couvrir &#8230;<\/mark> <\/p>\n\n\n\n<p><\/p>\n\n\n\n<p><\/p>\n","protected":false},"excerpt":{"rendered":"<p>Astrologue Humaniste, Formation en 4 ans certifi\u00e9e au sein du R\u00e9seau Astrolgie Humaniste achev\u00e9e en 2017.Depuis, je continue mes recherches personnelles, je d\u00e9veloppe mes connaissances et continue d&rsquo;\u00e9changer avec Claire-Andr\u00e9e Gagn\u00e9 &#8230; Depuis 2019 je con\u00e7ois et j&rsquo;\u00e9dite avec ma maison d&rsquo;Edition \u00ab\u00a0Les chemins des trois mondes\u00a0\u00bb des \u00e9ph\u00e9m\u00e9rides astrologiques compl\u00e8tes g\u00e9ocentriques et h\u00e9liocentriques dans&hellip; <a class=\"more-link\" href=\"https:\/\/www.astrologue-humaniste.com\/FR\/index.php\/a-propos-de\/\">Poursuivre la lecture <span class=\"screen-reader-text\">\u00c0 propos de<\/span><\/a><\/p>\n","protected":false},"author":1,"featured_media":0,"parent":0,"menu_order":0,"comment_status":"closed","ping_status":"closed","template":"","meta":{"footnotes":""},"class_list":["post-14","page","type-page","status-publish","hentry","entry"],"_links":{"self":[{"href":"https:\/\/www.astrologue-humaniste.com\/FR\/index.php\/wp-json\/wp\/v2\/pages\/14","targetHints":{"allow":["GET"]}}],"collection":[{"href":"https:\/\/www.astrologue-humaniste.com\/FR\/index.php\/wp-json\/wp\/v2\/pages"}],"about":[{"href":"https:\/\/www.astrologue-humaniste.com\/FR\/index.php\/wp-json\/wp\/v2\/types\/page"}],"author":[{"embeddable":true,"href":"https:\/\/www.astrologue-humaniste.com\/FR\/index.php\/wp-json\/wp\/v2\/users\/1"}],"replies":[{"embeddable":true,"href":"https:\/\/www.astrologue-humaniste.com\/FR\/index.php\/wp-json\/wp\/v2\/comments?post=14"}],"version-history":[{"count":10,"href":"https:\/\/www.astrologue-humaniste.com\/FR\/index.php\/wp-json\/wp\/v2\/pages\/14\/revisions"}],"predecessor-version":[{"id":326,"href":"https:\/\/www.astrologue-humaniste.com\/FR\/index.php\/wp-json\/wp\/v2\/pages\/14\/revisions\/326"}],"wp:attachment":[{"href":"https:\/\/www.astrologue-humaniste.com\/FR\/index.php\/wp-json\/wp\/v2\/media?parent=14"}],"curies":[{"name":"wp","href":"https:\/\/api.w.org\/{rel}","templated":true}]}}